{"id":1013,"date":"2023-11-20T15:58:24","date_gmt":"2023-11-20T14:58:24","guid":{"rendered":"https:\/\/ss-mondoffice.borasolab.it\/?page_id=1013"},"modified":"2024-01-12T09:21:08","modified_gmt":"2024-01-12T08:21:08","slug":"socializing","status":"publish","type":"page","link":"https:\/\/www.mondoffice.com\/mondoffice-arreda\/spazi\/socializing\/","title":{"rendered":"Socializing"},"content":{"rendered":"\r\n<p>L&#8217;ufficio si trasforma in luogo di socializzazione e il mondo della progettazione \u00e8 chiamato a rivisitare gli spazi secondo una dimensione che consenta il benessere personale e lavorativo. Nascono cos\u00ec spazi flessibili e riconfigurabili che favoriscono la socialit\u00e0 e la nascita di nuove idee.<\/p>\r\n<p><a href=\"https:\/\/www.mondoffice.com\/mondoffice-arreda\/spazi\/socializing\/area-break\/\"> <img decoding=\"async\" title=\"Area break\" src=\"https:\/\/www.mondoffice.com\/mondoffice-arreda\/wp-content\/uploads\/2023\/11\/T3-s2-Area-break.webp\" alt=\"Area break\" \/> Area break <\/a> <a href=\"https:\/\/www.mondoffice.com\/mondoffice-arreda\/spazi\/socializing\/area-relax-ufficio\/\"> <img decoding=\"async\" title=\"Area relax ufficio\" src=\"https:\/\/www.mondoffice.com\/mondoffice-arreda\/wp-content\/uploads\/2023\/11\/T3-s2-Area-relax-ufficio-1.webp\" alt=\"Area relax ufficio\" \/> Area relax ufficio <\/a> <a href=\"https:\/\/www.mondoffice.com\/mondoffice-arreda\/spazi\/socializing\/conversazione-meeting\/\"> <img decoding=\"async\" title=\"Conversazione\/meeting\" src=\"https:\/\/www.mondoffice.com\/mondoffice-arreda\/wp-content\/uploads\/2023\/11\/T3-s2-Area-mensa.webp\" alt=\"Conversazione\/meeting\" \/> Conversazione\/meeting <\/a> <a href=\"https:\/\/www.mondoffice.com\/mondoffice-arreda\/spazi\/socializing\/area-ludica\/\"> <img decoding=\"async\" title=\"Area ludica\" src=\"https:\/\/www.mondoffice.com\/mondoffice-arreda\/wp-content\/uploads\/2023\/11\/T3-s2-Area-ludica.webp\" alt=\"Area ludica\" \/> Area ludica <\/a><\/p>\r\n<h2>Lasciati ispirare dalle nostre soluzioni per il socializing<\/h2>\r\n<p><img decoding=\"async\" title=\"Ufficio open space con area ludica\" src=\"https:\/\/www.mondoffice.com\/mondoffice-arreda\/wp-content\/uploads\/2023\/11\/T4-s3-Verde2.webp\" alt=\"Ufficio open space con area ludica\" \/><\/p>\r\n<p>Ufficio open space con area ludica<\/p>\r\n<p><img decoding=\"async\" title=\"Mobile contenitore imbottito\" src=\"https:\/\/www.mondoffice.com\/mondoffice-arreda\/wp-content\/uploads\/2023\/11\/T4-s3-Relax2.webp\" alt=\"Mobile contenitore imbottito\" \/><\/p>\r\n<p>Mobile contenitore imbottito<\/p>\r\n<p><img decoding=\"async\" title=\"Area break con cucina attrezzata\" src=\"https:\/\/www.mondoffice.com\/mondoffice-arreda\/wp-content\/uploads\/2023\/11\/T4-s3-Break2.webp\" alt=\"Area break con cucina attrezzata\" \/><\/p>\r\n<p>Area break con cucina attrezzata<\/p>\r\n<p><img decoding=\"async\" title=\"Spazio coworking con angolo break\" src=\"https:\/\/www.mondoffice.com\/mondoffice-arreda\/wp-content\/uploads\/2023\/11\/T4-s3-Break1.webp\" alt=\"Spazio coworking con angolo break\" \/><\/p>\r\n<p>Spazio coworking con angolo break<\/p>\r\n<p>Concentrazione e giusta energia sono elementi fondamentali per affrontare al meglio ogni giornata lavorativa con le sfide che si porta dietro. Concentrazione ed energia che subiscono dei cali durante la giornata. Ecco perch\u00e9 \u00e8 importante avere dei luoghi dove poter ricaricare le batterie e ritrovare il nuovo slancio per affrontare il resto della giornata. In Mondoffice progettiamo soluzioni ad hoc con spazi e arredi pensati apposta per consentire il <strong>relax in ufficio<\/strong> e in azienda. Spazi che consentono la <strong>socializzazione<\/strong> e favoriscono la <strong>creativit\u00e0<\/strong>, per far nascere nuove idee ma anche per prendersi un attimo di pausa e <strong>ricaricarsi<\/strong>.<\/p>\r\n","protected":false},"excerpt":{"rendered":"<p>L&#8217;ufficio si trasforma in luogo di socializzazione e il mondo della progettazione \u00e8 chiamato a rivisitare gli spazi secondo una dimensione che consenta il benessere personale e lavorativo. Nascono cos\u00ec spazi flessibili e riconfigurabili che favoriscono la socialit\u00e0 e la nascita di nuove idee. Area break Area relax ufficio Conversazione\/meeting Area ludica Lasciati ispirare dalle [&hellip;]<\/p>\n","protected":false},"author":6,"featured_media":1014,"parent":208,"menu_order":0,"comment_status":"closed","ping_status":"closed","template":"templates\/template-spazi-first-level.php","meta":{"_acf_changed":false,"_genesis_hide_title":false,"_genesis_hide_breadcrumbs":false,"_genesis_hide_singular_image":false,"_genesis_hide_footer_widgets":false,"_genesis_custom_body_class":"","_genesis_custom_post_class":"","_genesis_layout":"","footnotes":""},"class_list":{"0":"post-1013","1":"page","2":"type-page","3":"status-publish","4":"has-post-thumbnail","6":"entry"},"acf":[],"_links":{"self":[{"href":"https:\/\/www.mondoffice.com\/mondoffice-arreda\/wp-json\/wp\/v2\/pages\/1013","targetHints":{"allow":["GET"]}}],"collection":[{"href":"https:\/\/www.mondoffice.com\/mondoffice-arreda\/wp-json\/wp\/v2\/pages"}],"about":[{"href":"https:\/\/www.mondoffice.com\/mondoffice-arreda\/wp-json\/wp\/v2\/types\/page"}],"author":[{"embeddable":true,"href":"https:\/\/www.mondoffice.com\/mondoffice-arreda\/wp-json\/wp\/v2\/users\/6"}],"replies":[{"embeddable":true,"href":"https:\/\/www.mondoffice.com\/mondoffice-arreda\/wp-json\/wp\/v2\/comments?post=1013"}],"version-history":[{"count":12,"href":"https:\/\/www.mondoffice.com\/mondoffice-arreda\/wp-json\/wp\/v2\/pages\/1013\/revisions"}],"predecessor-version":[{"id":1898,"href":"https:\/\/www.mondoffice.com\/mondoffice-arreda\/wp-json\/wp\/v2\/pages\/1013\/revisions\/1898"}],"up":[{"embeddable":true,"href":"https:\/\/www.mondoffice.com\/mondoffice-arreda\/wp-json\/wp\/v2\/pages\/208"}],"wp:featuredmedia":[{"embeddable":true,"href":"https:\/\/www.mondoffice.com\/mondoffice-arreda\/wp-json\/wp\/v2\/media\/1014"}],"wp:attachment":[{"href":"https:\/\/www.mondoffice.com\/mondoffice-arreda\/wp-json\/wp\/v2\/media?parent=1013"}],"curies":[{"name":"wp","href":"https:\/\/api.w.org\/{rel}","templated":true}]}}