{"id":1088,"date":"2023-11-20T15:01:56","date_gmt":"2023-11-20T14:01:56","guid":{"rendered":"https:\/\/ss-mondoffice.borasolab.it\/?page_id=1088"},"modified":"2024-01-12T09:21:20","modified_gmt":"2024-01-12T08:21:20","slug":"area-break","status":"publish","type":"page","link":"https:\/\/www.mondoffice.com\/mondoffice-arreda\/spazi\/socializing\/area-break\/","title":{"rendered":"Area break"},"content":{"rendered":"\r\n<h2>Spazi per rigenerarsi ed entrare in connessione con gli altri<\/h2>\r\n<p>Il corretto design di arredi e complementi forniranno personalit\u00e0 e comfort, per creare un&#8217;area break rilassante e accogliente cos\u00ec che la mente ne risulter\u00e0 rigenerata e stimolata.<\/p>\r\n<p><img loading=\"lazy\" decoding=\"async\" title=\"T4-s2-Area-break\" src=\"https:\/\/www.mondoffice.com\/mondoffice-arreda\/wp-content\/uploads\/2023\/11\/T4-s2-Area-break.webp\" alt=\"T4-s2-Area-break\" width=\"930\" height=\"500\" \/><\/p>\r\n<h2>Lasciati ispirare dalle nostre soluzioni per aree break<\/h2>\r\n<p><img decoding=\"async\" title=\"Area break con cucina attrezzata\" src=\"https:\/\/www.mondoffice.com\/mondoffice-arreda\/wp-content\/uploads\/2023\/11\/T4-s3-Break2.webp\" alt=\"Area break con cucina attrezzata\" \/><\/p>\r\n<p>Area break con cucina attrezzata<\/p>\r\n<p><img decoding=\"async\" title=\"Spazio coworking con angolo break\" src=\"https:\/\/www.mondoffice.com\/mondoffice-arreda\/wp-content\/uploads\/2023\/11\/T4-s3-Break1.webp\" alt=\"Spazio coworking con angolo break\" \/><\/p>\r\n<p>Spazio coworking con angolo break<\/p>\r\n<p>Arredi e complementi sono molto importanti per creare una sala break accogliente e piacevole. In questo senso, gli <strong>elementi modulabili<\/strong> sono l&#8217;ideale per arredare questa tipologia di spazi in quanto consentono di organizzare al meglio tutto l&#8217;occorrente per una pausa di relax.Piccole cucine con <strong>elettrodomestici su misura<\/strong>, <strong>scaffalature<\/strong> per organizzare ogni cosa e suddividere gli spazi, <strong>tavoli rotondi<\/strong> per incoraggiare la convivialit\u00e0. In Mondoffice progettiamo spazi per il break che consentano il relax e la socializzazione, con suddivisioni degli spazi che garantiscano la privacy anche senza isolare l&#8217;area.<\/p>\r\n","protected":false},"excerpt":{"rendered":"<p>Spazi per rigenerarsi ed entrare in connessione con gli altri Il corretto design di arredi e complementi forniranno personalit\u00e0 e comfort, per creare un&#8217;area break rilassante e accogliente cos\u00ec che la mente ne risulter\u00e0 rigenerata e stimolata. Lasciati ispirare dalle nostre soluzioni per aree break Area break con cucina attrezzata Spazio coworking con angolo break [&hellip;]<\/p>\n","protected":false},"author":6,"featured_media":1089,"parent":1013,"menu_order":0,"comment_status":"closed","ping_status":"closed","template":"templates\/template-spazi-second-level.php","meta":{"_acf_changed":false,"_genesis_hide_title":false,"_genesis_hide_breadcrumbs":false,"_genesis_hide_singular_image":false,"_genesis_hide_footer_widgets":false,"_genesis_custom_body_class":"","_genesis_custom_post_class":"","_genesis_layout":"","footnotes":""},"class_list":{"0":"post-1088","1":"page","2":"type-page","3":"status-publish","4":"has-post-thumbnail","6":"entry"},"acf":[],"_links":{"self":[{"href":"https:\/\/www.mondoffice.com\/mondoffice-arreda\/wp-json\/wp\/v2\/pages\/1088","targetHints":{"allow":["GET"]}}],"collection":[{"href":"https:\/\/www.mondoffice.com\/mondoffice-arreda\/wp-json\/wp\/v2\/pages"}],"about":[{"href":"https:\/\/www.mondoffice.com\/mondoffice-arreda\/wp-json\/wp\/v2\/types\/page"}],"author":[{"embeddable":true,"href":"https:\/\/www.mondoffice.com\/mondoffice-arreda\/wp-json\/wp\/v2\/users\/6"}],"replies":[{"embeddable":true,"href":"https:\/\/www.mondoffice.com\/mondoffice-arreda\/wp-json\/wp\/v2\/comments?post=1088"}],"version-history":[{"count":9,"href":"https:\/\/www.mondoffice.com\/mondoffice-arreda\/wp-json\/wp\/v2\/pages\/1088\/revisions"}],"predecessor-version":[{"id":1902,"href":"https:\/\/www.mondoffice.com\/mondoffice-arreda\/wp-json\/wp\/v2\/pages\/1088\/revisions\/1902"}],"up":[{"embeddable":true,"href":"https:\/\/www.mondoffice.com\/mondoffice-arreda\/wp-json\/wp\/v2\/pages\/1013"}],"wp:featuredmedia":[{"embeddable":true,"href":"https:\/\/www.mondoffice.com\/mondoffice-arreda\/wp-json\/wp\/v2\/media\/1089"}],"wp:attachment":[{"href":"https:\/\/www.mondoffice.com\/mondoffice-arreda\/wp-json\/wp\/v2\/media?parent=1088"}],"curies":[{"name":"wp","href":"https:\/\/api.w.org\/{rel}","templated":true}]}}