{"id":1139,"date":"2023-11-20T11:54:09","date_gmt":"2023-11-20T10:54:09","guid":{"rendered":"https:\/\/ss-mondoffice.borasolab.it\/?page_id=1139"},"modified":"2025-11-05T09:49:17","modified_gmt":"2025-11-05T08:49:17","slug":"area-ludica","status":"publish","type":"page","link":"https:\/\/www.mondoffice.com\/mondoffice-arreda\/spazi\/socializing\/area-ludica\/","title":{"rendered":"Area ludica"},"content":{"rendered":"\n<h2>\n\t\t\tLiberarsi dalle ansie quotidiane concedendosi un po&#8217; svago\t<\/h2>\n\t<p>Condividere un momento ludico e di divertimento coi colleghi serve da carburante nei rapporti e pu\u00f2 aiutare a smorzare situazioni di astio ed incomprensione.<\/p>\n\t\t\t\t<img decoding=\"async\" src=\"https:\/\/www.mondoffice.com\/mondoffice-arreda\/wp-content\/uploads\/2025\/11\/area-ludica-liberarsi-dalle-ansie.webp\" alt=\"area-ludica-liberarsi-dalle-ansie\" itemprop=\"image\" height=\"500\" width=\"930\" title=\"area-ludica-liberarsi-dalle-ansie\" onerror=\"this.style.display='none'\" loading=\"lazy\" \/>\n        <h2>Lasciati ispirare dalle nostre soluzioni per aree ludiche<\/h2>\n        \n                <img decoding=\"async\" src=\"https:\/\/www.mondoffice.com\/mondoffice-arreda\/wp-content\/uploads\/2023\/11\/T4-s3-Verde2.webp\" alt=\"Ufficio open space con area ludica\" title=\"Ufficio open space con area ludica\"\/>\n                                                <p>Ufficio open space con area ludica<\/p>\n                <img decoding=\"async\" src=\"https:\/\/www.mondoffice.com\/mondoffice-arreda\/wp-content\/uploads\/2023\/11\/T4-s3-Verde1.webp\" alt=\"Area ludica attrezzata con giochi\" title=\"Area ludica attrezzata con giochi\"\/>\n                                                <p>Area ludica attrezzata con giochi<\/p>\n\t<p>L&#8217;attivit\u00e0 di gioco \u00e8 di per s\u00e9 un&#8217;attivit\u00e0 inclusiva e collaborativa e, all&#8217;interno dell&#8217;azienda, pu\u00f2 favorire la produttivit\u00e0 in consente di concedersi un momento di svago e di liberarsi dalle ansie. Migliorano i rapporti tra i colleghi e quindi l&#8217;intero umore generale dell&#8217;ambiente di lavoro. Tutto questo ha effetti positivi sul rendimento lavorativo. In Mondoffice progettiamo aree ludiche che permettano momenti di aggregazione e di divertimento tra colleghi.<\/p>\n\n","protected":false},"excerpt":{"rendered":"<p>Liberarsi dalle ansie quotidiane concedendosi un po&#8217; svago Condividere un momento ludico e di divertimento coi colleghi serve da carburante nei rapporti e pu\u00f2 aiutare a smorzare situazioni di astio ed incomprensione. Lasciati ispirare dalle nostre soluzioni per aree ludiche Ufficio open space con area ludica Area ludica attrezzata con giochi L&#8217;attivit\u00e0 di gioco \u00e8 [&hellip;]<\/p>\n","protected":false},"author":6,"featured_media":1140,"parent":1013,"menu_order":0,"comment_status":"closed","ping_status":"closed","template":"templates\/template-spazi-second-level.php","meta":{"_acf_changed":false,"_genesis_hide_title":false,"_genesis_hide_breadcrumbs":false,"_genesis_hide_singular_image":false,"_genesis_hide_footer_widgets":false,"_genesis_custom_body_class":"","_genesis_custom_post_class":"","_genesis_layout":"","footnotes":""},"class_list":{"0":"post-1139","1":"page","2":"type-page","3":"status-publish","4":"has-post-thumbnail","6":"entry"},"acf":[],"_links":{"self":[{"href":"https:\/\/www.mondoffice.com\/mondoffice-arreda\/wp-json\/wp\/v2\/pages\/1139","targetHints":{"allow":["GET"]}}],"collection":[{"href":"https:\/\/www.mondoffice.com\/mondoffice-arreda\/wp-json\/wp\/v2\/pages"}],"about":[{"href":"https:\/\/www.mondoffice.com\/mondoffice-arreda\/wp-json\/wp\/v2\/types\/page"}],"author":[{"embeddable":true,"href":"https:\/\/www.mondoffice.com\/mondoffice-arreda\/wp-json\/wp\/v2\/users\/6"}],"replies":[{"embeddable":true,"href":"https:\/\/www.mondoffice.com\/mondoffice-arreda\/wp-json\/wp\/v2\/comments?post=1139"}],"version-history":[{"count":10,"href":"https:\/\/www.mondoffice.com\/mondoffice-arreda\/wp-json\/wp\/v2\/pages\/1139\/revisions"}],"predecessor-version":[{"id":3176,"href":"https:\/\/www.mondoffice.com\/mondoffice-arreda\/wp-json\/wp\/v2\/pages\/1139\/revisions\/3176"}],"up":[{"embeddable":true,"href":"https:\/\/www.mondoffice.com\/mondoffice-arreda\/wp-json\/wp\/v2\/pages\/1013"}],"wp:featuredmedia":[{"embeddable":true,"href":"https:\/\/www.mondoffice.com\/mondoffice-arreda\/wp-json\/wp\/v2\/media\/1140"}],"wp:attachment":[{"href":"https:\/\/www.mondoffice.com\/mondoffice-arreda\/wp-json\/wp\/v2\/media?parent=1139"}],"curies":[{"name":"wp","href":"https:\/\/api.w.org\/{rel}","templated":true}]}}