{"id":1308,"date":"2023-11-20T12:54:52","date_gmt":"2023-11-20T11:54:52","guid":{"rendered":"https:\/\/ss-mondoffice.borasolab.it\/?page_id=1308"},"modified":"2023-11-28T17:07:05","modified_gmt":"2023-11-28T16:07:05","slug":"outdoor","status":"publish","type":"page","link":"https:\/\/www.mondoffice.com\/mondoffice-arreda\/spazi\/outdoor\/","title":{"rendered":"Outdoor"},"content":{"rendered":"\r\n<h2>Spazi all&#8217;aperto come generatori di positivit\u00e0.<\/h2>\r\n<p>Caratteristica fondamentale di un arredo per esterni \u00e8 la resistenza agli agenti atmosferici, per cui \u00e8 fondamentale la qualit\u00e0 dei materiali. Il design consente invece di personalizzare gli spazi, dandogli una connotazione estetica e di stile.<\/p>\r\n<p><img loading=\"lazy\" decoding=\"async\" title=\"T4-s2-areeverdi\" src=\"https:\/\/www.mondoffice.com\/mondoffice-arreda\/wp-content\/uploads\/2023\/11\/T4-s2-areeverdi.webp\" alt=\"T4-s2-areeverdi\" width=\"930\" height=\"500\" \/><\/p>\r\n<h2>Lasciati ispirare dalle nostre soluzioni per arredo esterni<\/h2>\r\n<p><img decoding=\"async\" title=\"Outdoor 2\" src=\"https:\/\/www.mondoffice.com\/mondoffice-arreda\/wp-content\/uploads\/2023\/11\/T4-s3-areaverde2.webp\" alt=\"Outdoor 2\" \/><\/p>\r\n<p>Outdoor 2<\/p>\r\n<p><img decoding=\"async\" title=\"Outdoor 1\" src=\"https:\/\/www.mondoffice.com\/mondoffice-arreda\/wp-content\/uploads\/2023\/11\/T4-s3-areaverde1.webp\" alt=\"Outdoor 1\" \/><\/p>\r\n<p>Outdoor 1<\/p>\r\n<p>L&#8217;attenzione agli spazi esterni \u00e8 cresciuta molto negli ultimi anni, rendendoli una vera e prorpia estensione degli spazi interni.<br \/>Uno spazio esterno pu\u00f2 essere sfruttato in diversi modi, ad esempio per creare un&#8217;<strong>area break<\/strong> o un&#8217;<strong>area relax<\/strong> all&#8217;interno dell&#8217;azienda. Uno spazio dedicato alla pausa, attrezzato con tavoli, panche e magari ombrelloni o gazebo per proteggersi dal sole, dove trascorrere le pause in un ambiente rilassante e trovare nuovi stimoli per l&#8217;attivit\u00e0 lavorativa.<br \/>A seconda dell&#8217;attivit\u00e0, si possono sfruttare terrazze e giardini per allestire delle <strong>zone living all&#8217;aperto<\/strong>, con progetti in grado di mantenere una continuit\u00e0 con l&#8217;interno per quel che riguarda lo stile e le finiture. Oppure si pu\u00f2 pensare di riqualificare edlle aree inutilizzate allestendo un&#8217;<strong>area esterna roof<\/strong>.<br \/>Si possono creare aree relax con <strong>divani<\/strong> e <strong>poltrone<\/strong> abbinati a <strong>pouf<\/strong> e <strong>tavolini<\/strong>. Per un tocco pi\u00f9 contemporaneo si possono aggiungere <strong>amache<\/strong>, <strong>sedute sospese<\/strong>, <strong>dormeuse da giardino<\/strong> e <strong>dondoli<\/strong> a creare un&#8217;atmosfera ancora pi\u00f9 piacevole.<br \/>In Mondoffice utilizziamo arredi di design realizzati in legno, metallo, plastica e tessuti di ultima generazione che garantiscono risultati eccellenti sia dal punto di vista estetico che funzionale cos\u00ec come in termini di durevolezza.<\/p>\r\n","protected":false},"excerpt":{"rendered":"<p>Spazi all&#8217;aperto come generatori di positivit\u00e0. Caratteristica fondamentale di un arredo per esterni \u00e8 la resistenza agli agenti atmosferici, per cui \u00e8 fondamentale la qualit\u00e0 dei materiali. Il design consente invece di personalizzare gli spazi, dandogli una connotazione estetica e di stile. Lasciati ispirare dalle nostre soluzioni per arredo esterni Outdoor 2 Outdoor 1 L&#8217;attenzione [&hellip;]<\/p>\n","protected":false},"author":6,"featured_media":1310,"parent":208,"menu_order":0,"comment_status":"closed","ping_status":"closed","template":"templates\/template-spazi-first-level.php","meta":{"_acf_changed":false,"_genesis_hide_title":false,"_genesis_hide_breadcrumbs":false,"_genesis_hide_singular_image":false,"_genesis_hide_footer_widgets":false,"_genesis_custom_body_class":"","_genesis_custom_post_class":"","_genesis_layout":"","footnotes":""},"class_list":{"0":"post-1308","1":"page","2":"type-page","3":"status-publish","4":"has-post-thumbnail","6":"entry"},"acf":[],"_links":{"self":[{"href":"https:\/\/www.mondoffice.com\/mondoffice-arreda\/wp-json\/wp\/v2\/pages\/1308","targetHints":{"allow":["GET"]}}],"collection":[{"href":"https:\/\/www.mondoffice.com\/mondoffice-arreda\/wp-json\/wp\/v2\/pages"}],"about":[{"href":"https:\/\/www.mondoffice.com\/mondoffice-arreda\/wp-json\/wp\/v2\/types\/page"}],"author":[{"embeddable":true,"href":"https:\/\/www.mondoffice.com\/mondoffice-arreda\/wp-json\/wp\/v2\/users\/6"}],"replies":[{"embeddable":true,"href":"https:\/\/www.mondoffice.com\/mondoffice-arreda\/wp-json\/wp\/v2\/comments?post=1308"}],"version-history":[{"count":7,"href":"https:\/\/www.mondoffice.com\/mondoffice-arreda\/wp-json\/wp\/v2\/pages\/1308\/revisions"}],"predecessor-version":[{"id":1756,"href":"https:\/\/www.mondoffice.com\/mondoffice-arreda\/wp-json\/wp\/v2\/pages\/1308\/revisions\/1756"}],"up":[{"embeddable":true,"href":"https:\/\/www.mondoffice.com\/mondoffice-arreda\/wp-json\/wp\/v2\/pages\/208"}],"wp:featuredmedia":[{"embeddable":true,"href":"https:\/\/www.mondoffice.com\/mondoffice-arreda\/wp-json\/wp\/v2\/media\/1310"}],"wp:attachment":[{"href":"https:\/\/www.mondoffice.com\/mondoffice-arreda\/wp-json\/wp\/v2\/media?parent=1308"}],"curies":[{"name":"wp","href":"https:\/\/api.w.org\/{rel}","templated":true}]}}