{"id":2101,"date":"2024-03-15T12:39:21","date_gmt":"2024-03-15T11:39:21","guid":{"rendered":"https:\/\/www.mondoffice.com\/mondoffice-arreda\/?page_id=2101"},"modified":"2024-05-31T11:53:12","modified_gmt":"2024-05-31T09:53:12","slug":"form-lead","status":"publish","type":"page","link":"https:\/\/www.mondoffice.com\/mondoffice-arreda\/form-lead\/","title":{"rendered":"Form Lead 290324"},"content":{"rendered":"\n\n\t\t\t\t<img loading=\"lazy\" decoding=\"async\" src=\"https:\/\/www.mondoffice.com\/mondoffice-arreda\/wp-content\/uploads\/2024\/03\/mondo_logo.png\" alt=\"mondo_logo\" itemprop=\"image\" height=\"43\" width=\"310\" title=\"mondo_logo\" onerror=\"this.style.display='none'\"  \/>\n\t<style>\n.left_form {\nwidth: 47%;\nfloat: left;\nmargin-right: 6%\n}\n.right_form {\nwidth: 47%;\nfloat: left;\n}\n.clearfix:after {\ncontent:\"\";\ndisplay: block;\nheight: 0;\nclear: both;\nvisibility: hidden;\noverflow: hidden;\nmargin-bottom: 10Px;\n}\n.clearfix {\ndisplay: block;\n}\n.wpcf7-form {\n    \/*max-width: 40.625rem;*\/\n    max-width: 100%!important;\n}\n.header-container-mobile {\n  display: none;\n}\n#sm_menu_ham {\n  display: none;\n}\n.stickyrow {\nposition: sticky;\n\/*position: -webkit-sticky;*\/\ntop: 30px;\nz-index: 9;\n}\nhtml body {\noverflow-x: visible!important;\n}\n<\/style>\n\t<h3>PROGETTIAMO ARREDO SU MISURA<br \/>\nper qualsiasi ambiente di lavoro<\/h3>\n\t<style>\n    .header-container-desktop, div.hero-head, div.hero-wrapper, div.pre-footer, .footer-bg, .footer-container {\n  display:none;\n}\n<\/style>\nOgni spazio pu\u00f2 diventare il luogo di lavoro ideale, in cui stare bene. Il nostro compito \u00e8 di essere al vostro fianco per creare insieme a voi dei luoghi di qualit\u00e0 e un percorso sostenibile. Dallo studio dei bisogni al montaggio degli arredi, il nostro team di specialisti ti seguir\u00e0 passo dopo passo nella realizzazione del tuo nuovo spazio di lavoro.\n\t<a href=\"#contact\" target=\"_self\" role=\"button\" aria-label=\"CONTATTACI PER UN PREVENTIVO GRATUITO\" rel=\"noopener\">\n\t\t\t\t\t\tCONTATTACI PER UN PREVENTIVO GRATUITO\n\t\t\t\t\t<\/a>\n        <h2>\n            I NOSTRI PUNTI DI FORZA        <\/h2>\n                <img decoding=\"async\" src=\"https:\/\/www.mondoffice.com\/mondoffice-arreda\/wp-content\/uploads\/2023\/11\/ico-storicita.png\" alt=\"Passione per l'arredamento fin dal 1989\" title=\"Passione per l'arredamento fin dal 1989\"\/>\n                <h4>Storicit\u00e0<\/h4>\n                                <p>Passione per l&#8217;arredamento fin dal 1989<\/p>\n                <img decoding=\"async\" src=\"https:\/\/www.mondoffice.com\/mondoffice-arreda\/wp-content\/uploads\/2023\/11\/ico-design.png\" alt=\"Stile e cura dei particolari\" title=\"Stile e cura dei particolari\"\/>\n                <h4>Design<\/h4>\n                                <p>Stile e cura dei particolari<\/p>\n                <img decoding=\"async\" src=\"https:\/\/www.mondoffice.com\/mondoffice-arreda\/wp-content\/uploads\/2023\/11\/ico-madeinitaly.png\" alt=\"Prodotti 100% italiani\" title=\"Prodotti 100% italiani\"\/>\n                <h4>Made in Italy<\/h4>\n                                <p>Prodotti 100% italiani<\/p>\n                <img decoding=\"async\" src=\"https:\/\/www.mondoffice.com\/mondoffice-arreda\/wp-content\/uploads\/2023\/11\/ico-innovazione.png\" alt=\"Continua ricerca di nuove soluzioni\" title=\"Continua ricerca di nuove soluzioni\"\/>\n                <h4>Innovazione<\/h4>\n                                <p>Continua ricerca di nuove soluzioni<\/p>\n                <img decoding=\"async\" src=\"https:\/\/www.mondoffice.com\/mondoffice-arreda\/wp-content\/uploads\/2023\/11\/ico-materiali.png\" alt=\"Possibilit\u00e0 di personalizzare ogni dettaglio\" title=\"Possibilit\u00e0 di personalizzare ogni dettaglio\"\/>\n                <h4>Materiali<\/h4>\n                                <p>Possibilit\u00e0 di personalizzare ogni dettaglio<\/p>\n                <img decoding=\"async\" src=\"https:\/\/www.mondoffice.com\/mondoffice-arreda\/wp-content\/uploads\/2023\/11\/ico-progettazione.png\" alt=\"Consulenza e soluzioni su misura con esperti al tuo fianco\" title=\"Consulenza e soluzioni su misura con esperti al tuo fianco\"\/>\n                <h4>Progettazione<\/h4>\n                                <p>Consulenza e soluzioni su misura con esperti al tuo fianco<\/p>\n<h2>\n\t\tSPAZI\n\t<\/h2>\n\t<p>Progettiamo soluzioni arredo flessibili e modulabili per qualsiasi ambiente di lavoro con il focus sul confort e benessere dell&#8217;utente finale<\/p>\n<h2>\n\t\tSOLUZIONI\n\t<\/h2>\n\t<p>Ambienti ottimizzati grazie a progetti di illuminazione e fonoassorbenza, la giusta esposizione alla luce solare, l&#8217;adeguata suddivisione degli spazi, in grado di coniugare design, tecnica e tutela dell&#8217;ambiente<\/p>\n\t<a href=\"#contact\" target=\"_self\" role=\"button\" aria-label=\"CONTATTACI PER UN PREVENTIVO GRATUITO\" rel=\"noopener\">\n\t\t\t\t\t\tCONTATTACI PER UN PREVENTIVO GRATUITO\n\t\t\t\t\t<\/a>\n        <h2>\n            il nostro processo        <\/h2>\n                <img decoding=\"async\" src=\"https:\/\/www.mondoffice.com\/mondoffice-arreda\/wp-content\/uploads\/2023\/11\/ico-inclusione.png\" alt=\"\" title=\"\">\n                <h4>Studio delle esigenze del cliente<\/h4>\n                <img decoding=\"async\" src=\"https:\/\/www.mondoffice.com\/mondoffice-arreda\/wp-content\/uploads\/2023\/11\/ico-progettazione.png\" alt=\"\" title=\"\">\n                <h4>Progettazione<\/h4>\n                <img decoding=\"async\" src=\"https:\/\/www.mondoffice.com\/mondoffice-arreda\/wp-content\/uploads\/2023\/11\/ico-design.png\" alt=\"\" title=\"\">\n                <h4>Realizzazione progetto<\/h4>\n                <img decoding=\"async\" src=\"https:\/\/www.mondoffice.com\/mondoffice-arreda\/wp-content\/uploads\/2023\/11\/ico-contatto.png\" alt=\"\" title=\"\">\n                <h4>Assistenza post vendita<\/h4>\n<h2>\n\t\tLASCIATI ISPIRARE\n\t<\/h2>\n\t<iframe loading=\"lazy\" src=\"https:\/\/player.vimeo.com\/video\/922071156?badge=0&amp;autopause=0&amp;player_id=0&amp;app_id=58479\" width=\"1920\" height=\"1080\" frameborder=\"0\" allow=\"autoplay; fullscreen; picture-in-picture; clipboard-write\" title=\"Rinnovo uffici DB SCHENKER - Sede di Genova\"><\/iframe>\n<h3>\n\t\tRinnovo spazi sede<br \/>DB Schenker\n\t<\/h3>\nIn questo progetto abbiamo curato l&#8217;allestimento a nuovo di un intero piano in cui convivono diverse funzionalit\u00e0, dall&#8217;accoglienza agli spazi di lavoro e di socialit\u00e0. Il cliente aveva l&#8217;esigenza di ampliarsi includendo sia aree operative che aree di condivisione per meeting, eventi e pausa. Abbiamo quindi creato un ambiente di ingresso con reception, in cui abbiamo inserito dei lockers, ad uso sia degli utenti interni che esterni, in cui poter riporre i propri effetti personali in sicurezza. Sono stati allestiti spazi con postazioni open space e gli uffici direzionali, aree meeting di diverse dimensioni e una sala polifunzionale per corsi, eventi e catering.\n<h2>\n\t\tContatta i nostri consulenti \n\t<\/h2>\n\t<p>Hai un progetto arredo da realizzare? I nostri esperti sono a pronti a creare una soluzione su misura per te! Raccontaci brevemente come possiamo aiutarti e verrai ricontattato.<\/p>\n\t\n<div class=\"wpcf7 no-js\" id=\"wpcf7-f719-o1\" lang=\"it-IT\" dir=\"ltr\" data-wpcf7-id=\"719\">\n<div class=\"screen-reader-response\"><p role=\"status\" aria-live=\"polite\" aria-atomic=\"true\"><\/p> <ul><\/ul><\/div>\n<form action=\"\/mondoffice-arreda\/wp-json\/wp\/v2\/pages\/2101#wpcf7-f719-o1\" method=\"post\" class=\"wpcf7-form init\" aria-label=\"Modulo di contatto\" novalidate=\"novalidate\" data-status=\"init\">\n<fieldset class=\"hidden-fields-container\"><input type=\"hidden\" name=\"_wpcf7\" value=\"719\" \/><input type=\"hidden\" name=\"_wpcf7_version\" value=\"6.1.5\" \/><input type=\"hidden\" name=\"_wpcf7_locale\" value=\"it_IT\" \/><input type=\"hidden\" name=\"_wpcf7_unit_tag\" value=\"wpcf7-f719-o1\" \/><input type=\"hidden\" name=\"_wpcf7_container_post\" value=\"0\" \/><input type=\"hidden\" name=\"_wpcf7_posted_data_hash\" value=\"\" \/><input type=\"hidden\" name=\"_wpcf7dtx_version\" value=\"5.0.4\" \/><input type=\"hidden\" name=\"_wpcf7_recaptcha_response\" value=\"\" \/>\n<\/fieldset>\n<p><label>Nome*<br \/>\n<span class=\"wpcf7-form-control-wrap\" data-name=\"your-name\"><input size=\"40\" maxlength=\"400\" class=\"wpcf7-form-control wpcf7-text wpcf7-validates-as-required\" aria-required=\"true\" aria-invalid=\"false\" value=\"\" type=\"text\" name=\"your-name\" \/><\/span> <\/label>\n<\/p>\n<p><label>Cognome*<br \/>\n<span class=\"wpcf7-form-control-wrap\" data-name=\"your-lastname\"><input size=\"40\" maxlength=\"400\" class=\"wpcf7-form-control wpcf7-text wpcf7-validates-as-required\" aria-required=\"true\" aria-invalid=\"false\" value=\"\" type=\"text\" name=\"your-lastname\" \/><\/span> <\/label>\n<\/p>\n<p><label>Email*<br \/>\n<span class=\"wpcf7-form-control-wrap\" data-name=\"your-email\"><input size=\"40\" maxlength=\"400\" class=\"wpcf7-form-control wpcf7-email wpcf7-validates-as-required wpcf7-text wpcf7-validates-as-email\" aria-required=\"true\" aria-invalid=\"false\" value=\"\" type=\"email\" name=\"your-email\" \/><\/span> <\/label>\n<\/p>\n<p><label>Telefono*<br \/>\n<span class=\"wpcf7-form-control-wrap\" data-name=\"your-tel\"><input size=\"40\" maxlength=\"400\" class=\"wpcf7-form-control wpcf7-tel wpcf7-validates-as-required wpcf7-text wpcf7-validates-as-tel\" aria-required=\"true\" aria-invalid=\"false\" value=\"\" type=\"tel\" name=\"your-tel\" \/><\/span> <\/label>\n<\/p>\n<p><label>Ragione Sociale*<br \/>\n<span class=\"wpcf7-form-control-wrap\" data-name=\"your-company\"><input size=\"40\" maxlength=\"400\" class=\"wpcf7-form-control wpcf7-text wpcf7-validates-as-required\" aria-required=\"true\" aria-invalid=\"false\" value=\"\" type=\"text\" name=\"your-company\" \/><\/span> <\/label>\n<\/p>\n<p><label>CAP*<br \/>\n<span class=\"wpcf7-form-control-wrap\" data-name=\"your-cap\"><input class=\"wpcf7-form-control wpcf7-number wpcf7-validates-as-required wpcf7-validates-as-number\" aria-required=\"true\" aria-invalid=\"false\" value=\"\" type=\"number\" name=\"your-cap\" \/><\/span><\/label>\n<\/p>\n<p><label>Numero dipendenti*<br \/>\n<span class=\"wpcf7-form-control-wrap\" data-name=\"your-employees\"><input class=\"wpcf7-form-control wpcf7-number wpcf7-validates-as-required wpcf7-validates-as-number\" aria-required=\"true\" aria-invalid=\"false\" value=\"\" type=\"number\" name=\"your-employees\" \/><\/span><\/label>\n<\/p>\n<p><label>Parlaci del tuo progetto<br \/>\n<span class=\"wpcf7-form-control-wrap\" data-name=\"your-message\"><textarea cols=\"40\" rows=\"10\" maxlength=\"2000\" class=\"wpcf7-form-control wpcf7-textarea\" aria-invalid=\"false\" name=\"your-message\"><\/textarea><\/span> <\/label>\n<\/p>\n<span class=\"wpcf7-form-control-wrap utm_source\" data-name=\"utm_source\"><input type=\"hidden\" name=\"utm_source\" class=\"wpcf7-form-control wpcf7-hidden wpcf7dtx wpcf7dtx-hidden\" aria-invalid=\"false\"><\/span>\n<span class=\"wpcf7-form-control-wrap utm_medium\" data-name=\"utm_medium\"><input type=\"hidden\" name=\"utm_medium\" class=\"wpcf7-form-control wpcf7-hidden wpcf7dtx wpcf7dtx-hidden\" aria-invalid=\"false\"><\/span>\n<span class=\"wpcf7-form-control-wrap utm_content\" data-name=\"utm_content\"><input type=\"hidden\" name=\"utm_content\" class=\"wpcf7-form-control wpcf7-hidden wpcf7dtx wpcf7dtx-hidden\" aria-invalid=\"false\"><\/span>\n<span class=\"wpcf7-form-control-wrap utm_campaign\" data-name=\"utm_campaign\"><input type=\"hidden\" name=\"utm_campaign\" class=\"wpcf7-form-control wpcf7-hidden wpcf7dtx wpcf7dtx-hidden\" aria-invalid=\"false\"><\/span>\n<span class=\"wpcf7-form-control-wrap current_url\" data-name=\"current_url\"><input type=\"hidden\" name=\"current_url\" class=\"wpcf7-form-control wpcf7-hidden wpcf7dtx wpcf7dtx-hidden\" aria-invalid=\"false\" value=\"https:\/\/www.mondoffice.com\/mondoffice-arreda\/mondoffice-arreda\/wp-json\/wp\/v2\/pages\/2101\"><\/span>\n<p><span class=\"wpcf7-form-control-wrap\" data-name=\"acceptance-458\"><span class=\"wpcf7-form-control wpcf7-acceptance\"><span class=\"wpcf7-list-item\"><label><input type=\"checkbox\" name=\"acceptance-458\" value=\"1\" aria-invalid=\"false\" \/><span class=\"wpcf7-list-item-label\">Dichiaro di aver letto l'<a href=\"\/mondoffice-arreda\/privacy-policy\/\">informativa privacy<\/a> e acconsento al trattamento dei dati<\/span><\/label><\/span><\/span><\/span>\n<\/p>\n<p><input class=\"wpcf7-form-control wpcf7-submit has-spinner\" type=\"submit\" value=\"Invia messaggio\" \/>\n<\/p><div class=\"wpcf7-response-output\" aria-hidden=\"true\"><\/div>\n<\/form>\n<\/div>\n\n\n","protected":false},"excerpt":{"rendered":"<p>PROGETTIAMO ARREDO SU MISURA per qualsiasi ambiente di lavoro Ogni spazio pu\u00f2 diventare il luogo di lavoro ideale, in cui stare bene. Il nostro compito \u00e8 di essere al vostro fianco per creare insieme a voi dei luoghi di qualit\u00e0 e un percorso sostenibile. Dallo studio dei bisogni al montaggio degli arredi, il nostro team [&hellip;]<\/p>\n","protected":false},"author":9,"featured_media":0,"parent":0,"menu_order":0,"comment_status":"closed","ping_status":"closed","template":"templates\/template-generic-full-content.php","meta":{"_acf_changed":false,"_genesis_hide_title":false,"_genesis_hide_breadcrumbs":false,"_genesis_hide_singular_image":false,"_genesis_hide_footer_widgets":false,"_genesis_custom_body_class":"","_genesis_custom_post_class":"","_genesis_layout":"","footnotes":""},"class_list":{"0":"post-2101","1":"page","2":"type-page","3":"status-publish","5":"entry"},"acf":[],"_links":{"self":[{"href":"https:\/\/www.mondoffice.com\/mondoffice-arreda\/wp-json\/wp\/v2\/pages\/2101","targetHints":{"allow":["GET"]}}],"collection":[{"href":"https:\/\/www.mondoffice.com\/mondoffice-arreda\/wp-json\/wp\/v2\/pages"}],"about":[{"href":"https:\/\/www.mondoffice.com\/mondoffice-arreda\/wp-json\/wp\/v2\/types\/page"}],"author":[{"embeddable":true,"href":"https:\/\/www.mondoffice.com\/mondoffice-arreda\/wp-json\/wp\/v2\/users\/9"}],"replies":[{"embeddable":true,"href":"https:\/\/www.mondoffice.com\/mondoffice-arreda\/wp-json\/wp\/v2\/comments?post=2101"}],"version-history":[{"count":94,"href":"https:\/\/www.mondoffice.com\/mondoffice-arreda\/wp-json\/wp\/v2\/pages\/2101\/revisions"}],"predecessor-version":[{"id":2424,"href":"https:\/\/www.mondoffice.com\/mondoffice-arreda\/wp-json\/wp\/v2\/pages\/2101\/revisions\/2424"}],"wp:attachment":[{"href":"https:\/\/www.mondoffice.com\/mondoffice-arreda\/wp-json\/wp\/v2\/media?parent=2101"}],"curies":[{"name":"wp","href":"https:\/\/api.w.org\/{rel}","templated":true}]}}