{"id":43,"date":"2023-10-23T09:53:22","date_gmt":"2023-10-23T07:53:22","guid":{"rendered":"https:\/\/ss-mondoffice.borasolab.it\/?page_id=43"},"modified":"2025-01-23T12:30:37","modified_gmt":"2025-01-23T11:30:37","slug":"chi-siamo","status":"publish","type":"page","link":"https:\/\/www.mondoffice.com\/mondoffice-arreda\/chi-siamo\/","title":{"rendered":"Chi siamo"},"content":{"rendered":"\r\n<p>Mondoffice M&#8217;Arreda \u00e8 il nuovo brand per la progettazione di spazi di lavoro su misura e sostenibili, frutto dei 30 anni di esperienza e passione di Mondoffice a supporto del mondo del lavoro.<\/p>\r\n<p><img loading=\"lazy\" decoding=\"async\" title=\"Progettazione\" src=\"https:\/\/www.mondoffice.com\/mondoffice-arreda\/wp-content\/uploads\/2023\/11\/Progettazione.webp\" alt=\"Progettazione\" width=\"900\" height=\"500\" \/><\/p>\r\n<h3>Passione per l&#8217;arredamento dal 1989<\/h3>\r\n<p>Il nostro impegno progettuale si realizza attraverso proposte di prodotti e servizi che sono frutto di una lunga esperienza nel settore dell&#8217;arredo per uffici e per gli spazi di lavoro. Una storia che nasce nel 1989 e che, nel corso degli anni, si arricchisce del respiro internazionale delle diverse propriet\u00e0 che si sono avvicendate.<\/p>\r\n<p><a href=\"\/mondoffice-arreda\/chi-siamo\/la-nostra-storia\/\" target=\"_self\" rel=\"noopener\"> Scopri la nostra storia <\/a><\/p>\r\n<h3>Guardiamo verso un futuro pi\u00f9 green<\/h3>\r\n<p>La sostenibilit\u00e0 \u00e8 uno dei nostri pilastri fondanti. Progettiamo luoghi accoglienti, di elevato comfort e funzionalit\u00e0 ma anche attenti al pianeta. Poniamo grande attenzione ai materiali e ai processi produttivi e portiamo la natura in ufficio con il green design.<\/p>\r\n<p><a href=\"\/mondoffice-arreda\/chi-siamo\/sostenibilita\/\" target=\"_self\" rel=\"noopener\"> Scopri il nostro impegno per la sostenibilit\u00e0 <\/a> <img loading=\"lazy\" decoding=\"async\" title=\"Green_chi-siamo\" src=\"https:\/\/www.mondoffice.com\/mondoffice-arreda\/wp-content\/uploads\/2023\/11\/Green_chi-siamo.webp\" alt=\"Green_chi-siamo\" width=\"900\" height=\"500\" \/> <img loading=\"lazy\" decoding=\"async\" title=\"tailor-made-chi-siamo\" src=\"https:\/\/www.mondoffice.com\/mondoffice-arreda\/wp-content\/uploads\/2023\/11\/tailor-made-chi-siamo.webp\" alt=\"tailor-made-chi-siamo\" width=\"900\" height=\"500\" \/><\/p>\r\n<h3>Progettiamo luoghi, non attrezziamo spazi<\/h3>\r\n<p>Conoscere, capire e infine progettare. La nostra consulenza e le nostre proposte per gli ambienti di lavoro partono da un concetto semplice: non \u00e8 sufficiente attrezzare degli spazi per costruire dei luoghi in cui le idee possano nascere, il talento trovi la sua condizione ideale e la crescita sia pi\u00f9 facile.<\/p>\r\n<p><a href=\"\/mondoffice-arreda\/chi-siamo\/come-lavoriamo\/\" target=\"_self\" rel=\"noopener\"> Scopri come gestiamo i tuoi progetti <\/a><\/p>\r\n<h2>I nostri punti di forza<\/h2>\r\n<p><img decoding=\"async\" title=\"Passione per l'arredamento fin dal 1989\" src=\"https:\/\/www.mondoffice.com\/mondoffice-arreda\/wp-content\/uploads\/2023\/11\/ico-storicita.png\" alt=\"Passione per l'arredamento fin dal 1989\" \/><\/p>\r\n<h4>Storicit\u00e0<\/h4>\r\n<p>Passione per l&#8217;arredamento fin dal 1989<\/p>\r\n<p><img decoding=\"async\" title=\"Stile e cura dei particolari\" src=\"https:\/\/www.mondoffice.com\/mondoffice-arreda\/wp-content\/uploads\/2023\/11\/ico-design.png\" alt=\"Stile e cura dei particolari\" \/><\/p>\r\n<h4>Design<\/h4>\r\n<p>Stile e cura dei particolari<\/p>\r\n<p><img decoding=\"async\" title=\"Prodotti italiani\" src=\"https:\/\/www.mondoffice.com\/mondoffice-arreda\/wp-content\/uploads\/2023\/11\/ico-madeinitaly.png\" alt=\"Prodotti italiani\" \/><\/p>\r\n<h4>Made in Italy<\/h4>\r\n<p>Prodotti italiani<\/p>\r\n<p><img decoding=\"async\" title=\"Continua ricerca di nuove soluzioni\" src=\"https:\/\/www.mondoffice.com\/mondoffice-arreda\/wp-content\/uploads\/2023\/11\/ico-innovazione.png\" alt=\"Continua ricerca di nuove soluzioni\" \/><\/p>\r\n<h4>Innovazione<\/h4>\r\n<p>Continua ricerca di nuove soluzioni<\/p>\r\n<p><img decoding=\"async\" title=\"Possibilit\u00e0 di personalizzare ogni dettaglio\" src=\"https:\/\/www.mondoffice.com\/mondoffice-arreda\/wp-content\/uploads\/2023\/11\/ico-materiali.png\" alt=\"Possibilit\u00e0 di personalizzare ogni dettaglio\" \/><\/p>\r\n<h4>Materiali<\/h4>\r\n<p>Possibilit\u00e0 di personalizzare ogni dettaglio<\/p>\r\n<p><img decoding=\"async\" title=\"Consulenza e soluzioni su misura con esperti al tuo fianco\" src=\"https:\/\/www.mondoffice.com\/mondoffice-arreda\/wp-content\/uploads\/2023\/11\/ico-progettazione.png\" alt=\"Consulenza e soluzioni su misura con esperti al tuo fianco\" \/><\/p>\r\n<h4>Progettazione<\/h4>\r\n<p>Consulenza e soluzioni su misura con esperti al tuo fianco<\/p>\r\n<h3>Sono le Persone a fare le aziende: ecco le nostre<\/h3>\r\n<p>Dietro ogni azienda di successo ci sono persone di talento che si impegnano ogni giorno per raggiungere i risultati. Dietro i progetti di Mondoffice ci sono loro, architetti, interior designer e specialisti di prodotto che si prendono cura delle tue esigenze e si impegnano per soddisfare i tuoi bisogni.<\/p>\r\n<p><a href=\"\/mondoffice-arreda\/chi-siamo\/i-nostri-professionisti\/\" target=\"_self\" rel=\"noopener\"> Scopri il nostro team <\/a> <iframe loading=\"lazy\" title=\"Il tuo spazio - Immaginalo - Realizzalo\" src=\"https:\/\/www.youtube.com\/embed\/2cCs6kMv1Qw\" width=\"1280\" height=\"720\" frameborder=\"0\" allowfullscreen=\"allowfullscreen\"><\/iframe><\/p>\r\n","protected":false},"excerpt":{"rendered":"<p>Mondoffice M&#8217;Arreda \u00e8 il nuovo brand per la progettazione di spazi di lavoro su misura e sostenibili, frutto dei 30 anni di esperienza e passione di Mondoffice a supporto del mondo del lavoro. Passione per l&#8217;arredamento dal 1989 Il nostro impegno progettuale si realizza attraverso proposte di prodotti e servizi che sono frutto di una [&hellip;]<\/p>\n","protected":false},"author":6,"featured_media":0,"parent":0,"menu_order":0,"comment_status":"closed","ping_status":"closed","template":"","meta":{"_acf_changed":false,"_genesis_hide_title":false,"_genesis_hide_breadcrumbs":false,"_genesis_hide_singular_image":false,"_genesis_hide_footer_widgets":false,"_genesis_custom_body_class":"","_genesis_custom_post_class":"","_genesis_layout":"","footnotes":""},"class_list":{"0":"post-43","1":"page","2":"type-page","3":"status-publish","5":"entry"},"acf":[],"_links":{"self":[{"href":"https:\/\/www.mondoffice.com\/mondoffice-arreda\/wp-json\/wp\/v2\/pages\/43","targetHints":{"allow":["GET"]}}],"collection":[{"href":"https:\/\/www.mondoffice.com\/mondoffice-arreda\/wp-json\/wp\/v2\/pages"}],"about":[{"href":"https:\/\/www.mondoffice.com\/mondoffice-arreda\/wp-json\/wp\/v2\/types\/page"}],"author":[{"embeddable":true,"href":"https:\/\/www.mondoffice.com\/mondoffice-arreda\/wp-json\/wp\/v2\/users\/6"}],"replies":[{"embeddable":true,"href":"https:\/\/www.mondoffice.com\/mondoffice-arreda\/wp-json\/wp\/v2\/comments?post=43"}],"version-history":[{"count":55,"href":"https:\/\/www.mondoffice.com\/mondoffice-arreda\/wp-json\/wp\/v2\/pages\/43\/revisions"}],"predecessor-version":[{"id":2778,"href":"https:\/\/www.mondoffice.com\/mondoffice-arreda\/wp-json\/wp\/v2\/pages\/43\/revisions\/2778"}],"wp:attachment":[{"href":"https:\/\/www.mondoffice.com\/mondoffice-arreda\/wp-json\/wp\/v2\/media?parent=43"}],"curies":[{"name":"wp","href":"https:\/\/api.w.org\/{rel}","templated":true}]}}