{"id":51,"date":"2023-10-23T09:54:42","date_gmt":"2023-10-23T07:54:42","guid":{"rendered":"https:\/\/ss-mondoffice.borasolab.it\/?page_id=51"},"modified":"2023-11-29T10:44:38","modified_gmt":"2023-11-29T09:44:38","slug":"i-nostri-professionisti","status":"publish","type":"page","link":"https:\/\/www.mondoffice.com\/mondoffice-arreda\/chi-siamo\/i-nostri-professionisti\/","title":{"rendered":"I nostri professionisti"},"content":{"rendered":"\r\n<h2>Dietro ogni progetto ci sono persone qualificate<\/h2>\r\n<p>Dal primo contatto col cliente al progetto finito e realizzato, ci sono dietro tanti team di professionisti in grado di seguire ogni fase per soddisfare a pieno le richieste del cliente.<\/p>\r\n<h2>Il nostro processo<\/h2>\r\n<p><img decoding=\"async\" title=\"\" src=\"https:\/\/www.mondoffice.com\/mondoffice-arreda\/wp-content\/uploads\/2023\/11\/ico-contatto.png\" alt=\"\"><\/p>\r\n<h4>Contatto commerciale<\/h4>\r\n<p><img decoding=\"async\" title=\"\" src=\"https:\/\/www.mondoffice.com\/mondoffice-arreda\/wp-content\/uploads\/2023\/11\/ico-assortimento.png\" alt=\"\"><\/p>\r\n<h4>Selezione dell&#8217;assortimento<\/h4>\r\n<p><img decoding=\"async\" title=\"\" src=\"https:\/\/www.mondoffice.com\/mondoffice-arreda\/wp-content\/uploads\/2023\/11\/ico-inclusione.png\" alt=\"\"><\/p>\r\n<h4>Studio delle esigenze del cliente<\/h4>\r\n<p><img decoding=\"async\" title=\"\" src=\"https:\/\/www.mondoffice.com\/mondoffice-arreda\/wp-content\/uploads\/2023\/11\/ico-progettazione.png\" alt=\"\"><\/p>\r\n<h4>Progettazione<\/h4>\r\n<p><img decoding=\"async\" title=\"\" src=\"https:\/\/www.mondoffice.com\/mondoffice-arreda\/wp-content\/uploads\/2023\/11\/ico-design.png\" alt=\"\"><\/p>\r\n<h4>Realizzazione progetto<\/h4>\r\n<p><img decoding=\"async\" title=\"\" src=\"https:\/\/www.mondoffice.com\/mondoffice-arreda\/wp-content\/uploads\/2023\/11\/ico-contatto.png\" alt=\"\"><\/p>\r\n<h4>Assistenza post vendita<\/h4>\r\n<h3>Team commerciale<\/h3>\r\n<p>Il nostro team di commerciali \u00e8 il nostro volto verso l&#8217;esterno. Sono loro il nostro primo contatto col cliente. Un gruppo di professionisti dedicati che si preoccupano di comprendere le necessit\u00e0 e le sfide del cliente, creando con esso una forte relazione e un rapporto di fiducia.<\/p>\r\n<p><img loading=\"lazy\" decoding=\"async\" title=\"commerciale-team\" src=\"https:\/\/www.mondoffice.com\/mondoffice-arreda\/wp-content\/uploads\/2023\/11\/commerciale-team.webp\" alt=\"commerciale-team\" width=\"900\" height=\"500\" \/> <img loading=\"lazy\" decoding=\"async\" title=\"Selezione dell'assortimento-team\" src=\"https:\/\/www.mondoffice.com\/mondoffice-arreda\/wp-content\/uploads\/2023\/11\/Selezione-dellassortimento-team.webp\" alt=\"Selezione dell'assortimento-team\" width=\"900\" height=\"500\" \/><\/p>\r\n<h3>Specialisti di prodotto<\/h3>\r\n<p>Il nostro team Specialisti Arredo dedica tempo ed energia a svolgere approfondite ricerche di mercato per identificare le ultime tendenze per rispondere al meglio alle esigenze dei clienti e, soprattutto, anticipare i loro bisogni offrendo soluzioni funzionali, efficaci e avendo sempre come obiettivo il benessere della persona. Analizzano attentamente i potenziali partner, valutando la qualit\u00e0 dei prodotti offerte cos\u00ec come l&#8217;impegno per la sostenibilit\u00e0. Scegliere fornitori che adottino pratiche sostenibili \u00e8 prioritario per Mondoffice. I nostri Specialisti Arredo sono sempre aggiornati sugli ultimi trend dell&#8217;arredamento e sulle nuove tecnologie, per offrire ai nostri clienti un assortimento completo e ampio di arredi, complementi, pavimentazioni, tende, wall covering e accessori tecnologici in grado di rispondere ad ogni esigenza.<\/p>\r\n<h3>Team Tecnico<\/h3>\r\n<p>Una volta comprese le necessit\u00e0, i nostri architetti e interior designer si occupano di realizzare un progetto unico e su misura per soddisfare pienamente i bisogni e le aspettative del cliente. Vengono effettuati sopralluoghi e rilievi tecnici. A seguire si realizza uno studio degli spazi e degli equilibri cos\u00ec da selezionare e proporre le soluzioni che meglio si prestano a realizzare il progetto.<\/p>\r\n<p><img loading=\"lazy\" decoding=\"async\" title=\"Studio dei bisogni del cliente-team\" src=\"https:\/\/www.mondoffice.com\/mondoffice-arreda\/wp-content\/uploads\/2023\/11\/Studio-dei-bisogni-del-cliente-team.webp\" alt=\"Studio dei bisogni del cliente-team\" width=\"900\" height=\"500\" \/> <img loading=\"lazy\" decoding=\"async\" title=\"Progettazione-team\" src=\"https:\/\/www.mondoffice.com\/mondoffice-arreda\/wp-content\/uploads\/2023\/11\/Progettazione-team.webp\" alt=\"Progettazione-team\" width=\"900\" height=\"500\" \/><\/p>\r\n<h3>Team progettazione<\/h3>\r\n<p>Progettare uffici e spazi di lavoro significa sempre pi\u00f9 organizzare ambienti al servizio del benessere e delle esigenze delle persone.<br \/>L&#8217;ufficio nella sua essenza diventa uno spazio fisico destinato alla socialit\u00e0 e alla collaborazione continua e questa \u00e8 la base della nostra idea progettuale.<br \/>In sintesi cerchiamo di coniugare le esigenze del cliente, il benessere della persona ed un gusto estetico in linea con le tendenze attuali.<br \/>Il team progettazione utilizza poi le proprie competenze tecniche e artistiche per creare immagini realistiche degli ambienti progettati, utilizzando anche tecniche 3D per mostrare il progetto da diverse angolazioni e fornire una visione completa e realistica del progetto.<\/p>\r\n<h3>Team per la realizzazione del progetto<\/h3>\r\n<p>Approvato il progetto si passa alla fase di realizzazione. Il nostro team di architetti e interior designer continua a seguire la realizzazione, occupandosi di coordinare consegne e montaggio ed effettuando i sopralluoghi per monitorare i lavori: dalla posa dei pavimenti all&#8217;applicazione delle carte da parati e all&#8217;installazione degli arredi. I nostri esperti seguono il progetto in tutti i suoi dettagli, assicurandosi che venga realizzato con la massima precisione e attenzione, rispettando rigorosamente le specifiche concordate e i tempi stabiliti.<\/p>\r\n<p><img loading=\"lazy\" decoding=\"async\" title=\"Realizzazione progetto-team\" src=\"https:\/\/www.mondoffice.com\/mondoffice-arreda\/wp-content\/uploads\/2023\/11\/Realizzazione-progetto-team.webp\" alt=\"Realizzazione progetto-team\" width=\"900\" height=\"500\" \/> <img loading=\"lazy\" decoding=\"async\" title=\"Assistenza post vendita-team\" src=\"https:\/\/www.mondoffice.com\/mondoffice-arreda\/wp-content\/uploads\/2023\/11\/Assistenza-post-vendita-team.webp\" alt=\"Assistenza post vendita-team\" width=\"900\" height=\"500\" \/><\/p>\r\n<h3>Team assistenza post-vendita<\/h3>\r\n<p>Il personale qualificato del nostro Customer Care offre anche un efficiente supporto post vendita, gestendo in modo professionale eventuali necessit\u00e0 emerse anche dopo la chiusura del progetto, garantendo ai nostri clienti la massima soddisfazione.<\/p>\r\n","protected":false},"excerpt":{"rendered":"<p>Dietro ogni progetto ci sono persone qualificate Dal primo contatto col cliente al progetto finito e realizzato, ci sono dietro tanti team di professionisti in grado di seguire ogni fase per soddisfare a pieno le richieste del cliente. Il nostro processo Contatto commerciale Selezione dell&#8217;assortimento Studio delle esigenze del cliente Progettazione Realizzazione progetto Assistenza post [&hellip;]<\/p>\n","protected":false},"author":6,"featured_media":1596,"parent":43,"menu_order":0,"comment_status":"closed","ping_status":"closed","template":"","meta":{"_acf_changed":false,"_genesis_hide_title":false,"_genesis_hide_breadcrumbs":false,"_genesis_hide_singular_image":false,"_genesis_hide_footer_widgets":false,"_genesis_custom_body_class":"","_genesis_custom_post_class":"","_genesis_layout":"","footnotes":""},"class_list":{"0":"post-51","1":"page","2":"type-page","3":"status-publish","4":"has-post-thumbnail","6":"entry"},"acf":[],"_links":{"self":[{"href":"https:\/\/www.mondoffice.com\/mondoffice-arreda\/wp-json\/wp\/v2\/pages\/51","targetHints":{"allow":["GET"]}}],"collection":[{"href":"https:\/\/www.mondoffice.com\/mondoffice-arreda\/wp-json\/wp\/v2\/pages"}],"about":[{"href":"https:\/\/www.mondoffice.com\/mondoffice-arreda\/wp-json\/wp\/v2\/types\/page"}],"author":[{"embeddable":true,"href":"https:\/\/www.mondoffice.com\/mondoffice-arreda\/wp-json\/wp\/v2\/users\/6"}],"replies":[{"embeddable":true,"href":"https:\/\/www.mondoffice.com\/mondoffice-arreda\/wp-json\/wp\/v2\/comments?post=51"}],"version-history":[{"count":29,"href":"https:\/\/www.mondoffice.com\/mondoffice-arreda\/wp-json\/wp\/v2\/pages\/51\/revisions"}],"predecessor-version":[{"id":1597,"href":"https:\/\/www.mondoffice.com\/mondoffice-arreda\/wp-json\/wp\/v2\/pages\/51\/revisions\/1597"}],"up":[{"embeddable":true,"href":"https:\/\/www.mondoffice.com\/mondoffice-arreda\/wp-json\/wp\/v2\/pages\/43"}],"wp:featuredmedia":[{"embeddable":true,"href":"https:\/\/www.mondoffice.com\/mondoffice-arreda\/wp-json\/wp\/v2\/media\/1596"}],"wp:attachment":[{"href":"https:\/\/www.mondoffice.com\/mondoffice-arreda\/wp-json\/wp\/v2\/media?parent=51"}],"curies":[{"name":"wp","href":"https:\/\/api.w.org\/{rel}","templated":true}]}}