{"id":88,"date":"2023-10-27T10:11:44","date_gmt":"2023-10-27T08:11:44","guid":{"rendered":"https:\/\/ss-mondoffice.borasolab.it\/?page_id=88"},"modified":"2026-03-10T09:11:22","modified_gmt":"2026-03-10T08:11:22","slug":"marreda","status":"publish","type":"page","link":"https:\/\/www.mondoffice.com\/mondoffice-arreda\/","title":{"rendered":"Mondoffice"},"content":{"rendered":"\n\n\t\t<iframe loading=\"lazy\" src=\"https:\/\/player.vimeo.com\/video\/919678794?autoplay=1&#038;loop=1&#038;autopause=0\" width=\"2000\" height=\"800\" frameborder=\"0\" allow=\"autoplay; fullscreen\" allowfullscreen><\/iframe>\n        <h2>\n            L&#8217;anima dei nostri progetti        <\/h2>\n                <img decoding=\"async\" src=\"https:\/\/www.mondoffice.com\/mondoffice-arreda\/wp-content\/uploads\/2023\/11\/image-14.svg\" alt=\"La giusta organizzazione degli spazi per il benessere psicofisico della persona\" title=\"La giusta organizzazione degli spazi per il benessere psicofisico della persona\"\/>\n                <h4>Benessere<\/h4>\n                                <p>La giusta organizzazione degli spazi per il benessere psicofisico della persona<\/p>\n                                                    <a href=\"\/mondoffice-arreda\/benessere-lavorativo-progettare-lufficio-del-futuro\/\">Scopri di pi\u00f9<\/a>\n                <img decoding=\"async\" src=\"https:\/\/www.mondoffice.com\/mondoffice-arreda\/wp-content\/uploads\/2023\/10\/points-four.png\" alt=\"Soluzioni tech per  rendere pi\u00f9 smart e funzionale il tuo luogo di lavoro\" title=\"Soluzioni tech per  rendere pi\u00f9 smart e funzionale il tuo luogo di lavoro\"\/>\n                <h4>Digital design<\/h4>\n                                <p>Soluzioni tech per  rendere pi\u00f9 smart e funzionale il tuo luogo di lavoro<\/p>\n                                                    <a href=\"\/mondoffice-arreda\/digital-workplace-cose-e-come-puo-rivoluzionare-la-progettazione-dellufficio\/\">Scopri di pi\u00f9<\/a>\n                <img decoding=\"async\" src=\"https:\/\/www.mondoffice.com\/mondoffice-arreda\/wp-content\/uploads\/2023\/10\/points-six.png\" alt=\" Spazi di lavoro flessibili e riconfigurabili che si adattano alle nuove necessit\u00e0\" title=\" Spazi di lavoro flessibili e riconfigurabili che si adattano alle nuove necessit\u00e0\"\/>\n                <h4>Fluid Office<\/h4>\n                                <p> Spazi di lavoro flessibili e riconfigurabili che si adattano alle nuove necessit\u00e0<\/p>\n                                                    <a href=\"\/mondoffice-arreda\/fluid-office-progettare-un-ufficio-ibrido-flessibile-e-moderno\/\">Scopri di pi\u00f9<\/a>\n                <img decoding=\"async\" src=\"https:\/\/www.mondoffice.com\/mondoffice-arreda\/wp-content\/uploads\/2023\/10\/points-three.png\" alt=\"Creare spazi che accolgono e sono accessibili\" title=\"Creare spazi che accolgono e sono accessibili\"\/>\n                <h4>Inclusione<\/h4>\n                                <p>Creare spazi che accolgono e sono accessibili<\/p>\n                                                    <a href=\"\/mondoffice-arreda\/limportanza-di-una-progettazione-inclusiva-del-luogo-di-lavoro\/\">Scopri di pi\u00f9<\/a>\n                <img decoding=\"async\" src=\"https:\/\/www.mondoffice.com\/mondoffice-arreda\/wp-content\/uploads\/2023\/10\/points-two.png\" alt=\" Una strategia di progettazione sostenibile che riconnette uomo e natura\" title=\" Una strategia di progettazione sostenibile che riconnette uomo e natura\"\/>\n                <h4>Biophilic design<\/h4>\n                                <p> Una strategia di progettazione sostenibile che riconnette uomo e natura<\/p>\n                                                    <a href=\"\/mondoffice-arreda\/biophilic-design-nella-progettazione-dello-spazio-di-lavoro\/\">Scopri di pi\u00f9<\/a>\n        <h2>Interpretiamo ogni spazio<\/h2>\n        <p>La persona al centro del progetto<\/p>\n                    <a href=\"https:\/\/www.mondoffice.com\/mondoffice-arreda\/spazi\/\">Scopri tutti gli spazi<\/a>\n            <a href=\"https:\/\/www.mondoffice.com\/mondoffice-arreda\/spazi\/workplace\/\">\n                <img decoding=\"async\" src=\"https:\/\/www.mondoffice.com\/mondoffice-arreda\/wp-content\/uploads\/2023\/11\/Workplace.webp\" alt=\"Workplace\" title=\"Workplace\"\/>\n                                            Workplace\n        <\/a>\n            <a href=\"https:\/\/www.mondoffice.com\/mondoffice-arreda\/spazi\/welcome\/\">\n                <img decoding=\"async\" src=\"https:\/\/www.mondoffice.com\/mondoffice-arreda\/wp-content\/uploads\/2023\/11\/Welcome.webp\" alt=\"Welcome\" title=\"Welcome\"\/>\n                                            Welcome\n        <\/a>\n            <a href=\"https:\/\/www.mondoffice.com\/mondoffice-arreda\/spazi\/retail\/\">\n                <img decoding=\"async\" src=\"https:\/\/www.mondoffice.com\/mondoffice-arreda\/wp-content\/uploads\/2023\/11\/Retail.webp\" alt=\"Retail\" title=\"Retail\"\/>\n                                            Retail\n        <\/a>\n            <a href=\"https:\/\/www.mondoffice.com\/mondoffice-arreda\/spazi\/socializing\/\">\n                <img decoding=\"async\" src=\"https:\/\/www.mondoffice.com\/mondoffice-arreda\/wp-content\/uploads\/2023\/11\/Socializing.webp\" alt=\"Socializing\" title=\"Socializing\"\/>\n                                            Socializing\n        <\/a>\n            <a href=\"https:\/\/www.mondoffice.com\/mondoffice-arreda\/spazi\/storage\/\">\n                <img decoding=\"async\" src=\"https:\/\/www.mondoffice.com\/mondoffice-arreda\/wp-content\/uploads\/2023\/11\/T4-s3-storage2-m.webp\" alt=\"Storage\" title=\"Storage\"\/>\n                                            Storage\n        <\/a>\n            <a href=\"https:\/\/www.mondoffice.com\/mondoffice-arreda\/spazi\/outdoor\/\">\n                <img decoding=\"async\" src=\"https:\/\/www.mondoffice.com\/mondoffice-arreda\/wp-content\/uploads\/2023\/11\/T2-s2-Outdoor.webp\" alt=\"Outdoor\" title=\"Outdoor\"\/>\n                                            Outdoor\n        <\/a>\n            <a href=\"https:\/\/www.mondoffice.com\/mondoffice-arreda\/spazi\/public-spaces\/\">\n                <img decoding=\"async\" src=\"https:\/\/www.mondoffice.com\/mondoffice-arreda\/wp-content\/uploads\/2023\/11\/Public-spaces.webp\" alt=\"Public Spaces\" title=\"Public Spaces\"\/>\n                                            Public Spaces\n        <\/a>\n            <a href=\"https:\/\/www.mondoffice.com\/mondoffice-arreda\/spazi\/sedute\/\">\n                <img decoding=\"async\" src=\"https:\/\/www.mondoffice.com\/mondoffice-arreda\/wp-content\/uploads\/2023\/11\/T4-s1-HeroSedute-Direzionali-m.webp\" alt=\"Sedute\" title=\"Sedute\"\/>\n                                            Sedute\n        <\/a>\n        <h2>OLTRE IL PROGETTO<\/h2>\n        <p>Soluzioni tecniche e di design, create su misura per te<\/p>\n                    <a href=\"\/mondoffice-arreda\/servizi\/\">Scopri i Servizi<\/a>\n                <a href=\"https:\/\/www.mondoffice.com\/mondoffice-arreda\/soluzioni\/fonoassorbenza\/\">\n                    <img decoding=\"async\" src=\"https:\/\/www.mondoffice.com\/mondoffice-arreda\/wp-content\/uploads\/2023\/11\/Fonoassorbenza_Servizio.webp\" alt=\"\" title=\"\">\n                                            <\/a><a href=\"https:\/\/www.mondoffice.com\/mondoffice-arreda\/soluzioni\/fonoassorbenza\/\">Fonoassorbenza<\/a>\n                                    \n                <a href=\"https:\/\/www.mondoffice.com\/mondoffice-arreda\/soluzioni\/illuminazione\/\">\n                    <img decoding=\"async\" src=\"https:\/\/www.mondoffice.com\/mondoffice-arreda\/wp-content\/uploads\/2023\/11\/Illuminazione_Servizio.webp\" alt=\"\" title=\"\">\n                                            <\/a><a href=\"https:\/\/www.mondoffice.com\/mondoffice-arreda\/soluzioni\/illuminazione\/\">Illuminazione<\/a>\n                                    \n                <a href=\"https:\/\/www.mondoffice.com\/mondoffice-arreda\/soluzioni\/pavimenti\/\">\n                    <img decoding=\"async\" src=\"https:\/\/www.mondoffice.com\/mondoffice-arreda\/wp-content\/uploads\/2023\/11\/Pavimenti_Servizio.webp\" alt=\"\" title=\"\">\n                                            <\/a><a href=\"https:\/\/www.mondoffice.com\/mondoffice-arreda\/soluzioni\/pavimenti\/\">Pavimenti<\/a>\n                                    \n                <a href=\"https:\/\/www.mondoffice.com\/mondoffice-arreda\/soluzioni\/tende\/\">\n                    <img decoding=\"async\" src=\"https:\/\/www.mondoffice.com\/mondoffice-arreda\/wp-content\/uploads\/2023\/11\/Tende_Servizio.webp\" alt=\"\" title=\"\">\n                                            <\/a><a href=\"https:\/\/www.mondoffice.com\/mondoffice-arreda\/soluzioni\/tende\/\">Tende<\/a>\n                                    \n                <a href=\"https:\/\/www.mondoffice.com\/mondoffice-arreda\/soluzioni\/pareti-divisorie\/\">\n                    <img decoding=\"async\" src=\"https:\/\/www.mondoffice.com\/mondoffice-arreda\/wp-content\/uploads\/2023\/11\/Pareti-divisorie_Servizio.webp\" alt=\"\" title=\"\">\n                                            <\/a><a href=\"https:\/\/www.mondoffice.com\/mondoffice-arreda\/soluzioni\/pareti-divisorie\/\">Pareti divisorie<\/a>\n                                    \n                <a href=\"https:\/\/www.mondoffice.com\/mondoffice-arreda\/soluzioni\/phone-booth\/\">\n                    <img decoding=\"async\" src=\"https:\/\/www.mondoffice.com\/mondoffice-arreda\/wp-content\/uploads\/2023\/11\/Phone-boot_Servizio.webp\" alt=\"\" title=\"\">\n                                            <\/a><a href=\"https:\/\/www.mondoffice.com\/mondoffice-arreda\/soluzioni\/phone-booth\/\">Phone booth<\/a>\n                                    \n                <a href=\"https:\/\/www.mondoffice.com\/mondoffice-arreda\/soluzioni\/wall-covering\/\">\n                    <img decoding=\"async\" src=\"https:\/\/www.mondoffice.com\/mondoffice-arreda\/wp-content\/uploads\/2023\/11\/Wall-covering_Servizio.webp\" alt=\"\" title=\"\">\n                                            <\/a><a href=\"https:\/\/www.mondoffice.com\/mondoffice-arreda\/soluzioni\/wall-covering\/\">Wall covering<\/a>\n                                    \n                <a href=\"https:\/\/www.mondoffice.com\/mondoffice-arreda\/soluzioni\/green-wall\/\">\n                    <img decoding=\"async\" src=\"https:\/\/www.mondoffice.com\/mondoffice-arreda\/wp-content\/uploads\/2023\/11\/Green-Design_Servizio.webp\" alt=\"\" title=\"\">\n                                            <\/a><a href=\"https:\/\/www.mondoffice.com\/mondoffice-arreda\/soluzioni\/green-wall\/\">Green wall<\/a>\n                                    \n                <a href=\"https:\/\/www.mondoffice.com\/mondoffice-arreda\/soluzioni\/tech\/\">\n                    <img decoding=\"async\" src=\"https:\/\/www.mondoffice.com\/mondoffice-arreda\/wp-content\/uploads\/2023\/11\/Tech.webp\" alt=\"\" title=\"\">\n                                            <\/a><a href=\"https:\/\/www.mondoffice.com\/mondoffice-arreda\/soluzioni\/tech\/\">Tech<\/a>\n                                    \n        <ul>\n            \n            \n        <\/ul>\n\t<h4>Poltroncina Koppa<\/h4>\n\t<iframe src=\"https:\/\/player.vimeo.com\/video\/1167692326?badge=0&amp;autopause=0&amp;player_id=0&amp;app_id=58479&amp;autoplay=1\" frameborder=\"0\" allow=\"autoplay; fullscreen; picture-in-picture; clipboard-write; encrypted-media; web-share\" referrerpolicy=\"strict-origin-when-cross-origin\" title=\"129826\"><\/iframe>\n\t<a href=\"https:\/\/www.mondoffice.com\/sedie-attesa-conferenza-e-impilabili_sku129826.html?source=MArredaHomeBanner\" target=\"_blank\" role=\"button\" rel=\"noopener\" aria-label=\"Acquista\">\n\t\t\t\t\t\tAcquista\n\t\t\t\t\t<\/a>\n\t<h4>Tavolino da esterno<\/h4>\n\t<iframe src=\"https:\/\/player.vimeo.com\/video\/1167692339?badge=0&amp;autopause=0&amp;player_id=0&amp;app_id=58479&amp;autoplay=1\" frameborder=\"0\" allow=\"autoplay; fullscreen; picture-in-picture; clipboard-write; encrypted-media; web-share\" referrerpolicy=\"strict-origin-when-cross-origin\" title=\"130843\"><\/iframe>\n\t<a href=\"https:\/\/www.mondoffice.com\/tavoli-da-giardino_sku130843.html?source=MArredaHomeBanner\" target=\"_blank\" role=\"button\" rel=\"noopener\" aria-label=\"Acquista\">\n\t\t\t\t\t\tAcquista\n\t\t\t\t\t<\/a>\n\t<h4>Divano 2 posti Klint<\/h4>\n\t<iframe src=\"https:\/\/player.vimeo.com\/video\/1167692302?badge=0&amp;autopause=0&amp;player_id=0&amp;app_id=58479&amp;autoplay=1\" frameborder=\"0\" allow=\"autoplay; fullscreen; picture-in-picture; clipboard-write; encrypted-media; web-share\" referrerpolicy=\"strict-origin-when-cross-origin\" title=\"129795\"><\/iframe>\n\t<a href=\"https:\/\/www.mondoffice.com\/divano-2-posti-Klint-con-tavolino_sku129795.html?source=MArredaHomeBanner\" target=\"_blank\" role=\"button\" rel=\"noopener\" aria-label=\"Acquista\">\n\t\t\t\t\t\tAcquista\n\t\t\t\t\t<\/a>\n\t<h4>Tavolo riunioni rotondo<\/h4>\n\t<iframe src=\"https:\/\/player.vimeo.com\/video\/1167692272?badge=0&amp;autopause=0&amp;player_id=0&amp;app_id=58479&amp;autoplay=1\" frameborder=\"0\" allow=\"autoplay; fullscreen; picture-in-picture; clipboard-write; encrypted-media; web-share\" referrerpolicy=\"strict-origin-when-cross-origin\" title=\"121048\"><\/iframe>\n\t<a href=\"https:\/\/www.mondoffice.com\/tavoli-riunione_sku121048.html?source=MArredaHomeBanner\" target=\"_blank\" role=\"button\" rel=\"noopener\" aria-label=\"Acquista\">\n\t\t\t\t\t\tAcquista\n\t\t\t\t\t<\/a>\n        <h2>Realizzazioni e ispirazioni<\/h2>\n        \n                    <a href=\"\/mondoffice-arreda\/case-studies\/\">Tutti i nostri casi studio<\/a>\n        <a href=\"\/mondoffice-arreda\/case-studies\/realizzazione-nuovi-uffici-per-mr-worker\/\">\n            <img decoding=\"async\" src=\"https:\/\/www.mondoffice.com\/mondoffice-arreda\/wp-content\/uploads\/2023\/11\/Mr-worker_Caso-studio.webp\" alt=\"\" title=\"\">\n            <p>Realizzazione nuovi uffici per Mr. Worker<\/p>\n                            <\/a><a href=\"\/mondoffice-arreda\/case-studies\/realizzazione-nuovi-uffici-per-mr-worker\/\">Scopri di pi\u00f9<\/a>\n                    \n        <a href=\"\/mondoffice-arreda\/case-studies\/cuca\/\">\n            <img decoding=\"async\" src=\"https:\/\/www.mondoffice.com\/mondoffice-arreda\/wp-content\/uploads\/2023\/11\/Cuca_Caso-studio.webp\" alt=\"\" title=\"\">\n            <p>Rinnovo open space Customer Care<\/p>\n                            <\/a><a href=\"\/mondoffice-arreda\/case-studies\/cuca\/\">Scopri di pi\u00f9<\/a>\n                    \n        <a href=\"\/mondoffice-arreda\/case-studies\/rinnovo-spazi-di-lavoro-sede-cerved\/\">\n            <img decoding=\"async\" src=\"https:\/\/www.mondoffice.com\/mondoffice-arreda\/wp-content\/uploads\/2023\/11\/T1-s5-Case-history-3.webp\" alt=\"\" title=\"\">\n            <p>Rinnovo spazi di lavoro sede Cerved<\/p>\n                            <\/a><a href=\"\/mondoffice-arreda\/case-studies\/rinnovo-spazi-di-lavoro-sede-cerved\/\">Scopri di pi\u00f9<\/a>\n                    \n        <h2>Il partner ideale per il tuo business<\/h2>\n        \n                    <a href=\"\/mondoffice-arreda\/chi-siamo\/a-chi-ci-rivolgiamo\/\">Scopri a chi ci rivolgiamo<\/a>\n            <a href=\"\/mondoffice-arreda\/chi-siamo\/a-chi-ci-rivolgiamo\/\"><img decoding=\"async\" src=\"https:\/\/www.mondoffice.com\/mondoffice-arreda\/wp-content\/uploads\/2023\/11\/T1-s6-Target-1.webp\" alt=\"\" title=\"\"><\/a>\n                            <a href=\"\/mondoffice-arreda\/chi-siamo\/a-chi-ci-rivolgiamo\/\">Dal piccolo ufficio alla grande azienda<\/a>\n            <a href=\"\/mondoffice-arreda\/chi-siamo\/a-chi-ci-rivolgiamo\/\"><img decoding=\"async\" src=\"https:\/\/www.mondoffice.com\/mondoffice-arreda\/wp-content\/uploads\/2023\/11\/Target-2.webp\" alt=\"\" title=\"\"><\/a>\n                            <a href=\"\/mondoffice-arreda\/chi-siamo\/a-chi-ci-rivolgiamo\/\">Architetti e professionisti<\/a>\n            <a href=\"\/mondoffice-arreda\/chi-siamo\/a-chi-ci-rivolgiamo\/\"><img decoding=\"async\" src=\"https:\/\/www.mondoffice.com\/mondoffice-arreda\/wp-content\/uploads\/2023\/11\/Target-3.webp\" alt=\"\" title=\"\"><\/a>\n                            <a href=\"\/mondoffice-arreda\/chi-siamo\/a-chi-ci-rivolgiamo\/\">Dal negozio all&#8217;aeroporto<\/a>\n\n","protected":false},"excerpt":{"rendered":"<p>L&#8217;anima dei nostri progetti Benessere La giusta organizzazione degli spazi per il benessere psicofisico della persona Scopri di pi\u00f9 Digital design Soluzioni tech per rendere pi\u00f9 smart e funzionale il tuo luogo di lavoro Scopri di pi\u00f9 Fluid Office Spazi di lavoro flessibili e riconfigurabili che si adattano alle nuove necessit\u00e0 Scopri di pi\u00f9 Inclusione [&hellip;]<\/p>\n","protected":false},"author":6,"featured_media":0,"parent":0,"menu_order":0,"comment_status":"closed","ping_status":"closed","template":"templates\/template-home.php","meta":{"_acf_changed":false,"_genesis_hide_title":false,"_genesis_hide_breadcrumbs":false,"_genesis_hide_singular_image":false,"_genesis_hide_footer_widgets":false,"_genesis_custom_body_class":"mondo_office_homepage","_genesis_custom_post_class":"","_genesis_layout":"","footnotes":""},"class_list":{"0":"post-88","1":"page","2":"type-page","3":"status-publish","5":"entry"},"acf":[],"_links":{"self":[{"href":"https:\/\/www.mondoffice.com\/mondoffice-arreda\/wp-json\/wp\/v2\/pages\/88","targetHints":{"allow":["GET"]}}],"collection":[{"href":"https:\/\/www.mondoffice.com\/mondoffice-arreda\/wp-json\/wp\/v2\/pages"}],"about":[{"href":"https:\/\/www.mondoffice.com\/mondoffice-arreda\/wp-json\/wp\/v2\/types\/page"}],"author":[{"embeddable":true,"href":"https:\/\/www.mondoffice.com\/mondoffice-arreda\/wp-json\/wp\/v2\/users\/6"}],"replies":[{"embeddable":true,"href":"https:\/\/www.mondoffice.com\/mondoffice-arreda\/wp-json\/wp\/v2\/comments?post=88"}],"version-history":[{"count":11,"href":"https:\/\/www.mondoffice.com\/mondoffice-arreda\/wp-json\/wp\/v2\/pages\/88\/revisions"}],"predecessor-version":[{"id":3265,"href":"https:\/\/www.mondoffice.com\/mondoffice-arreda\/wp-json\/wp\/v2\/pages\/88\/revisions\/3265"}],"wp:attachment":[{"href":"https:\/\/www.mondoffice.com\/mondoffice-arreda\/wp-json\/wp\/v2\/media?parent=88"}],"curies":[{"name":"wp","href":"https:\/\/api.w.org\/{rel}","templated":true}]}}