{"id":10213,"date":"2020-12-11T09:03:13","date_gmt":"2020-12-11T09:03:13","guid":{"rendered":"https:\/\/www.mondoffice.com\/mondoffice-informa\/?page_id=10213"},"modified":"2026-02-10T12:08:40","modified_gmt":"2026-02-10T11:08:40","slug":"home-page","status":"publish","type":"page","link":"https:\/\/www.mondoffice.com\/mondoffice-informa\/","title":{"rendered":"Home Page"},"content":{"rendered":"<section class=\"wpb-content-wrapper\"><p>[vc_row][vc_column][vc_column_text]<\/p>\n<h1 style=\"text-align: center; font-size: 220%;\">Benvenuti nel blog di MOND<span style=\"color: #cc0000;\">O<\/span>FFICE!<\/h1>\n<p>[\/vc_column_text][vc_row_inner disable_element=&#8221;yes&#8221;][vc_column_inner][vc_raw_html]JTNDc3R5bGUlM0UlMEEucGFnZS1udW1iZXJzJTIwJTdCJTBBJTIwJTIwdGV4dC1hbGlnbiUzQSUyMGNlbnRlciUyMWltcG9ydGFudCUzQiUwQSU3RCUwQSUzQyUyRnN0eWxlJTNF[\/vc_raw_html][\/vc_column_inner][\/vc_row_inner][\/vc_column][\/vc_row][vc_row disable_element=&#8221;yes&#8221;][vc_column][vc_basic_grid post_type=&#8221;post&#8221; max_items=&#8221;-1&#8243; style=&#8221;load-more&#8221; items_per_page=&#8221;6&#8243; gap=&#8221;20&#8243; item=&#8221;basicGrid_ScaleInWithRotation&#8221; btn_title=&#8221;Carica di pi\u00f9&#8221; grid_id=&#8221;vc_gid:1770721706750-3fc031d8-f933-5&#8243;][\/vc_column][\/vc_row][vc_row][vc_column][penci_big_grid bg_postmeta=&#8221;cat,title&#8221; title_length=&#8221;10&#8243; hide_meta_small=&#8221;yes&#8221; bgcontent_pos=&#8221;below&#8221; penci_img_ratio=&#8221;100&#8243; bg_height=&#8221;400&#8243; paging=&#8221;nextprev&#8221; is_block_heading=&#8221;hide&#8221; heading=&#8221;&#8221; bgsub_title_typo=&#8221;text_align:left&#8221; bgtitle_typo_big=&#8221;text_align:left&#8221; bgtitle_typo=&#8221;text_align:left&#8221; title_typo=&#8221;text_align:left&#8221; bgreadm_typo=&#8221;text_align:left&#8221; bgpagi_typo=&#8221;text_align:left&#8221; add_icon_readmore=&#8221;no&#8221; responsive_spacing=&#8221;eyJwYXJhbV90eXBlIjoicGVuY2lfcmVzcG9uc2l2ZV9zcGFjaW5nIiwic2hvcnRjb2RlIjoicGVuY2lfYmlnX2dyaWQiLCJkYXRhIjp7InRhYmxldCI6e30sIm1vYmlsZSI6e319fQ==&#8221; excerpt_length=&#8221;150&#8243;][\/vc_column][\/vc_row][vc_row][vc_column][vc_separator color=&#8221;black&#8221;][\/vc_column][\/vc_row][vc_row equal_height=&#8221;yes&#8221;][vc_column width=&#8221;1\/2&#8243;][vc_column_text]<\/p>\n<h2 style=\"margin-bottom: 0px; border: none; font-family: Arial, sans-serif; list-style: none; color: #000000; line-height: 1.3; font-size: 1.75rem; letter-spacing: normal; white-space: normal;\">Il blog di Mondoffice<\/h2>\n<p>[\/vc_column_text][\/vc_column][vc_column width=&#8221;1\/2&#8243;][vc_single_image image=&#8221;10014&#8243; alignment=&#8221;right&#8221; onclick=&#8221;custom_link&#8221; css_animation=&#8221;fadeIn&#8221; link=&#8221;https:\/\/www.mondoffice.com\/&#8221;][\/vc_column][\/vc_row][vc_row][vc_column width=&#8221;1\/2&#8243;][vc_column_text css_animation=&#8221;fadeInLeft&#8221;]<\/p>\n<p style=\"line-height: 1.5; color: #000000; font-family: Arial, sans-serif; font-size: medium;\"><strong>Mondoffice<\/strong> \u00e8 il partner di fiducia di aziende, scuole, enti pubblici e privati, dai piccoli professionisti alle grandi multinazionali, per tutto ci\u00f2 che riguarda l\u2019organizzazione dell\u2019ufficio e degli ambienti di lavoro.<\/p>\n<p style=\"line-height: 1.5; color: #000000; font-family: Arial, sans-serif; font-size: medium;\">Mondoffice, grazie alla sua trentennale esperienza, \u00e8 molto pi\u00f9 che forniture per ufficio, si offre per essere il tuo consulente e ottimizzare insieme spazi e processi di lavoro, dagli acquisti di cancelleria, alle forniture di carta per fotocopie e per la scrittura, dalle cartucce toner per stampante, ai prodotti per l\u2019igiene e la pulizia, dalle forniture di acqua, bevande, snack e macchinette per il caff\u00e9, all\u2019arredo ufficio e ambienti di lavoro, dai software per l\u2019archiviazione digitale, ai mobili e agli articoli necessari per archiviare documenti cartacei, dai materiali per imballare, a quelli per le spedizioni\u2026<\/p>\n<p style=\"line-height: 1.5; color: #000000; font-family: Arial, sans-serif; font-size: medium;\">Vogliamo aiutarti a raggiungere i tuoi obiettivi di business, con soluzioni per smart working e ufficio: la nostra mission \u00e8 fare in modo che tu abbia tutto quello che ti serve per trasformare le opportunit\u00e0 in realt\u00e0.<\/p>\n<p>[\/vc_column_text][\/vc_column][vc_column width=&#8221;1\/2&#8243;][vc_column_text css_animation=&#8221;fadeInRight&#8221;]<\/p>\n<p style=\"line-height: 1.5; color: #000000; font-family: Arial, sans-serif; font-size: medium;\">Grazie all\u2019aiuto dei nostri consulenti e all\u2019assistenza del nostro servizio clienti, ti consigliamo per scegliere il meglio ed essere subito operativo.<\/p>\n<p style=\"line-height: 1.5; color: #000000; font-family: Arial, sans-serif; font-size: medium;\">Acquista con fiducia anche online: noi ci impegniamo a fornirti il miglior rapporto qualit\u00e0\/prezzo, un servizio di consegna in tutta Italia rapido e affidabile, una vasta gamma di prodotti, una piattaforma e-commerce intuitiva e sicura, un\u2019attenzione crescente ai processi eco-sostenibili, un Call Center pronto all\u2019ascolto, sempre disponibile per consigliarti in fase d\u2019acquisto e assisterti in fase post vendita, con la possibilit\u00e0 di una sostituzione facile e veloce.<\/p>\n<p style=\"line-height: 1.5; color: #000000; font-family: Arial, sans-serif; font-size: medium;\">Se hai bisogno, noi ci siamo. Con tutta l\u2019esperienza che cerchi, per garantirti pi\u00f9 scelta e pi\u00f9 valore al risparmio.<\/p>\n<p style=\"line-height: 1.5; color: #000000; font-family: Arial, sans-serif; font-size: medium;\">Noi di Mondoffice mettiamo al tuo servizio passione ed esperienza per fornirti le migliori soluzioni professionali.<\/p>\n<p>[\/vc_column_text][\/vc_column][\/vc_row]<\/p>\n<\/section>","protected":false},"excerpt":{"rendered":"[vc_row][vc_column][vc_column_text] Benvenuti nel blog di MONDOFFICE! [\/vc_column_text][vc_row_inner disable_element=\"yes\"][vc_column_inner][vc_raw_html]JTNDc3R5bGUlM0UlMEEucGFnZS1udW1iZXJzJTIwJTdCJTBBJTIwJTIwdGV4dC1hbGlnbiUzQSUyMGNlbnRlciUyMWltcG9ydGFudCUzQiUwQSU3RCUwQSUzQyUyRnN0eWxlJTNF[\/vc_raw_html][\/vc_column_inner][\/vc_row_inner][\/vc_column][\/vc_row][vc_row disable_element=\"yes\"][vc_column][vc_basic_grid post_type=\"post\" max_items=\"-1\" style=\"load-more\" items_per_page=\"6\" gap=\"20\" item=\"basicGrid_ScaleInWithRotation\" btn_title=\"Carica di pi\u00f9\" grid_id=\"vc_gid:1770721706750-3fc031d8-f933-5\"][\/vc_column][\/vc_row][vc_row][vc_column][penci_big_grid bg_postmeta=\"cat,title\"&hellip;","protected":false},"author":1,"featured_media":0,"parent":0,"menu_order":0,"comment_status":"closed","ping_status":"closed","template":"","meta":{"_acf_changed":false,"_et_pb_use_builder":"","_et_pb_old_content":"","_et_gb_content_width":"","_lmt_disableupdate":"no","_lmt_disable":"","footnotes":""},"class_list":["post-10213","page","type-page","status-publish","hentry"],"acf":[],"_links":{"self":[{"href":"https:\/\/www.mondoffice.com\/mondoffice-informa\/wp-json\/wp\/v2\/pages\/10213","targetHints":{"allow":["GET"]}}],"collection":[{"href":"https:\/\/www.mondoffice.com\/mondoffice-informa\/wp-json\/wp\/v2\/pages"}],"about":[{"href":"https:\/\/www.mondoffice.com\/mondoffice-informa\/wp-json\/wp\/v2\/types\/page"}],"author":[{"embeddable":true,"href":"https:\/\/www.mondoffice.com\/mondoffice-informa\/wp-json\/wp\/v2\/users\/1"}],"replies":[{"embeddable":true,"href":"https:\/\/www.mondoffice.com\/mondoffice-informa\/wp-json\/wp\/v2\/comments?post=10213"}],"version-history":[{"count":36,"href":"https:\/\/www.mondoffice.com\/mondoffice-informa\/wp-json\/wp\/v2\/pages\/10213\/revisions"}],"predecessor-version":[{"id":20235,"href":"https:\/\/www.mondoffice.com\/mondoffice-informa\/wp-json\/wp\/v2\/pages\/10213\/revisions\/20235"}],"wp:attachment":[{"href":"https:\/\/www.mondoffice.com\/mondoffice-informa\/wp-json\/wp\/v2\/media?parent=10213"}],"curies":[{"name":"wp","href":"https:\/\/api.w.org\/{rel}","templated":true}]}}